{"id":12852,"date":"2023-03-24T07:42:18","date_gmt":"2023-03-24T07:42:18","guid":{"rendered":"https:\/\/gbgroupcontainer.com\/modules\/"},"modified":"2023-05-23T07:56:41","modified_gmt":"2023-05-23T07:56:41","slug":"modules","status":"publish","type":"page","link":"https:\/\/gbgroupcontainer.com\/fr\/modules\/","title":{"rendered":"Modules"},"content":{"rendered":"\t\t<div data-elementor-type=\"wp-page\" data-elementor-id=\"12852\" class=\"elementor elementor-12852 elementor-11089\">\n\t\t\t\t\t\t\t\t\t<section class=\"elementor-section elementor-top-section elementor-element elementor-element-00dfc42 elementor-section-boxed elementor-section-height-default elementor-section-height-default\" data-id=\"00dfc42\" data-element_type=\"section\">\n\t\t\t\t\t\t<div class=\"elementor-container elementor-column-gap-default\">\n\t\t\t\t\t<div class=\"elementor-column elementor-col-100 elementor-top-column elementor-element elementor-element-867c4f1\" data-id=\"867c4f1\" data-element_type=\"column\">\n\t\t\t<div class=\"elementor-widget-wrap elementor-element-populated\">\n\t\t\t\t\t\t\t\t<div class=\"elementor-element elementor-element-365bcba elementor-widget elementor-widget-text-editor\" data-id=\"365bcba\" data-element_type=\"widget\" data-widget_type=\"text-editor.default\">\n\t\t\t\t<div class=\"elementor-widget-container\">\n\t\t\t<style>\/*! elementor - v3.13.3 - 22-05-2023 *\/\n.elementor-widget-text-editor.elementor-drop-cap-view-stacked .elementor-drop-cap{background-color:#69727d;color:#fff}.elementor-widget-text-editor.elementor-drop-cap-view-framed .elementor-drop-cap{color:#69727d;border:3px solid;background-color:transparent}.elementor-widget-text-editor:not(.elementor-drop-cap-view-default) .elementor-drop-cap{margin-top:8px}.elementor-widget-text-editor:not(.elementor-drop-cap-view-default) .elementor-drop-cap-letter{width:1em;height:1em}.elementor-widget-text-editor .elementor-drop-cap{float:left;text-align:center;line-height:1;font-size:50px}.elementor-widget-text-editor .elementor-drop-cap-letter{display:inline-block}<\/style>\t\t\t\t<p>Avec nos unit\u00e9s modulaires antisismiques, vous pouvez cr\u00e9er des <strong>bureaux, des \u00e9coles, des structures r\u00e9sidentielles, des situations d&rsquo;urgence, des chantiers de construction, des installations sportives, des vestiaires, des kiosques, des postes de garde, des stands d&rsquo;exposition et des salles d&rsquo;exposition, des garages automobiles, des toilettes isol\u00e9es<\/strong> et bien plus encore.<\/p>\n\t\t\t\t\t\t<\/div>\n\t\t\t\t<\/div>\n\t\t\t\t<div class=\"elementor-element elementor-element-612c96f elementor-widget elementor-widget-ld_portfolio\" data-id=\"612c96f\" data-element_type=\"widget\" data-widget_type=\"ld_portfolio.default\">\n\t\t\t\t<div class=\"elementor-widget-container\">\n\t\t\t<div class=\"lqd-pf-grid lqd-pf-grid-612c96f\">\t\t\t\n<div class=\"liquid-filter-items align-items-center justify-content-between\">\t\n\t<div class=\"liquid-filter-items-inner flex-grow-1\">\n\t\t\n\t\t\t\t\t<span class=\"liquid-filter-items-label  size-lg  \">Filtres<\/span>\n\t\t\n\t\t<ul class=\"filter-list filter-list-inline   filter-list-decorated filters-underline  font-weight-medium d-flex align-items-center hidden-xs hidden-sm\" id=\"lqd-pf-filter-60afbc30d0fa7\">\n\t\t\t<li class=\"active\" data-filter=\"*\"><span>Tous<\/span><\/li>\n\t\t\t<li data-filter=\".monobloc\"><span>Monobloc<\/span><\/li>\t\t<\/ul>\n\n\t\t<div class=\"lqd-filter-dropdown visible-xs visible-sm\" data-form-options='{ \"dropdownAppendTo\": \"self\" }'>\n\t\t\t<select name=\"lqd-filter-dropdown-lqd-pf-filter-60afbc30d0fa7\" id=\"lqd-filter-dropdown-lqd-pf-filter-60afbc30d0fa7\">\n\t\t\t\t<option selected data-filter=\"*\" value=\"*\">Tous<\/option>\n\t\t\t\t<option data-filter=\".monobloc\" value=\".monobloc\">Monobloc<\/option>\t\t\t<\/select>\n\t\t<\/div>\n\t\t\t\n\t\t\t\t<a  href=\"\/preventivo\/\" class=\"elementor-button btn ws-nowrap btn-solid btn-icon-shaped btn-has-label\" >\n\t\t\t\t\t\t\t<span class=\"btn-txt\" data-text=\"Demander un devis\" >Demander un devis<\/span>\n\t\t\t\t\t\t\t\t<\/a>\n\t\t\t\t\t\t\t\t\n\t\t\t\n\t<\/div>\n<\/div><div id=\"lqd-pf-grid-612c96f\" class=\"lqd-pf-row row d-flex flex-wrap lqd-pf-grid-612c96f\" data-liquid-masonry=\"true\" data-masonry-options='{ \"filtersID\": \"#lqd-pf-filter-60afbc30d0fa7\" }'><div class=\"lqd-pf-column col-md-6 col-sm-6 col-xs-12 col-sm-6 col-xs-12 masonry-item monobloc\">\n\n\t<article id=\"post-12969\" class=\"lqd-pf-item lqd-pf-item-style-6 border-radius-6 p-3 pt-4 lqd-pf-color-custom post-12969 liquid-portfolio type-liquid-portfolio status-publish format-standard has-post-thumbnail hentry liquid-portfolio-category-monobloc\">\n\t\t<div class=\"lqd-pf-item-inner\">\n\n\t\t\t<div class=\"lqd-pf-img mb-3 pos-rel border-radius-10 overflow-hidden\">\n\t\t\t\t<figure>\n\t\t\t\t\t<figure class=\"w-100\"><img decoding=\"async\" width=\"748\" height=\"512\" src=\"https:\/\/gbgroupcontainer.com\/wp-content\/uploads\/2023\/03\/modulo-location-prefabbricato-componibile-748x512.jpg\" class=\"w-100 wp-post-image\" alt=\"\" itemprop=\"image\" \/><\/figure>\t\t\t\t<\/figure>\n\t\t\t\t<span class=\"lqd-pf-overlay-bg lqd-overlay d-flex align-items-center justify-content-center\">\n\t\t\t\t<\/span>\n\t\t\t<\/div>\n\n\t\t\t<div class=\"lqd-pf-details\">\n\t\t\t\t<div class=\"d-flex justify-content-between\">\n\t\t\t\t\t\t\t\t\t\t<h2 class=\"lqd-pf-title mt-0 align-items-center \">Module Location<\/h2>\t\t\t\t\t\t\t\t\t<\/div>\n\t\t\t\t<ul class=\"reset-ul inline-nav lqd-pf-cat d-inline-flex pos-rel z-index-2\"><li><a href=\"https:\/\/gbgroupcontainer.com\/fr\/typologie-du-module\/monobloc\/\">Monobloc<\/a><\/li><\/ul>\t\t\t<\/div>\n\n\t\t\t<a href=\"https:\/\/gbgroupcontainer.com\/fr\/moduli\/module-location\/\"  class=\"lqd-overlay lqd-pf-overlay-link lqd-cc-label-trigger\"><\/a>\n\t\t<\/div>\n\t<\/article>\n\n<\/div><div class=\"lqd-pf-column col-md-6 col-sm-6 col-xs-12 col-sm-6 col-xs-12 masonry-item monobloc\">\n\n\t<article id=\"post-12938\" class=\"lqd-pf-item lqd-pf-item-style-6 border-radius-6 p-3 pt-4 lqd-pf-color-custom post-12938 liquid-portfolio type-liquid-portfolio status-publish format-standard has-post-thumbnail hentry liquid-portfolio-category-monobloc\">\n\t\t<div class=\"lqd-pf-item-inner\">\n\n\t\t\t<div class=\"lqd-pf-img mb-3 pos-rel border-radius-10 overflow-hidden\">\n\t\t\t\t<figure>\n\t\t\t\t\t<figure class=\"w-100\"><img decoding=\"async\" width=\"748\" height=\"512\" src=\"data:image\/svg+xml;charset=utf-8,%3Csvg xmlns%3D&#039;http%3A%2F%2Fwww.w3.org%2F2000%2Fsvg&#039; viewBox%3D&#039;0 0 748 512&#039;%2F%3E\" class=\"w-100 ld-lazyload wp-post-image\" alt=\"\" itemprop=\"image\" data-src=\"https:\/\/gbgroupcontainer.com\/wp-content\/uploads\/2023\/03\/modulo-compatibile-prefabbricato-748x512.jpg\" data-aspect=\"1.4609375\" \/><\/figure>\t\t\t\t<\/figure>\n\t\t\t\t<span class=\"lqd-pf-overlay-bg lqd-overlay d-flex align-items-center justify-content-center\">\n\t\t\t\t<\/span>\n\t\t\t<\/div>\n\n\t\t\t<div class=\"lqd-pf-details\">\n\t\t\t\t<div class=\"d-flex justify-content-between\">\n\t\t\t\t\t\t\t\t\t\t<h2 class=\"lqd-pf-title mt-0 align-items-center \">Module Compatible<\/h2>\t\t\t\t\t\t\t\t\t<\/div>\n\t\t\t\t<ul class=\"reset-ul inline-nav lqd-pf-cat d-inline-flex pos-rel z-index-2\"><li><a href=\"https:\/\/gbgroupcontainer.com\/fr\/typologie-du-module\/monobloc\/\">Monobloc<\/a><\/li><\/ul>\t\t\t<\/div>\n\n\t\t\t<a href=\"https:\/\/gbgroupcontainer.com\/fr\/moduli\/module-compatible\/\"  class=\"lqd-overlay lqd-pf-overlay-link lqd-cc-label-trigger\"><\/a>\n\t\t<\/div>\n\t<\/article>\n\n<\/div><div class=\"lqd-pf-column col-md-6 col-sm-6 col-xs-12 col-sm-6 col-xs-12 masonry-item monobloc\">\n\n\t<article id=\"post-12927\" class=\"lqd-pf-item lqd-pf-item-style-6 border-radius-6 p-3 pt-4 lqd-pf-color-custom post-12927 liquid-portfolio type-liquid-portfolio status-publish format-standard has-post-thumbnail hentry liquid-portfolio-category-monobloc\">\n\t\t<div class=\"lqd-pf-item-inner\">\n\n\t\t\t<div class=\"lqd-pf-img mb-3 pos-rel border-radius-10 overflow-hidden\">\n\t\t\t\t<figure>\n\t\t\t\t\t<figure class=\"w-100\"><img decoding=\"async\" width=\"748\" height=\"512\" src=\"data:image\/svg+xml;charset=utf-8,%3Csvg xmlns%3D&#039;http%3A%2F%2Fwww.w3.org%2F2000%2Fsvg&#039; viewBox%3D&#039;0 0 748 512&#039;%2F%3E\" class=\"w-100 ld-lazyload wp-post-image\" alt=\"\" itemprop=\"image\" data-src=\"https:\/\/gbgroupcontainer.com\/wp-content\/uploads\/2023\/03\/Modulo-C30-BE100-748x512.jpg\" data-aspect=\"1.4609375\" \/><\/figure>\t\t\t\t<\/figure>\n\t\t\t\t<span class=\"lqd-pf-overlay-bg lqd-overlay d-flex align-items-center justify-content-center\">\n\t\t\t\t<\/span>\n\t\t\t<\/div>\n\n\t\t\t<div class=\"lqd-pf-details\">\n\t\t\t\t<div class=\"d-flex justify-content-between\">\n\t\t\t\t\t\t\t\t\t\t<h2 class=\"lqd-pf-title mt-0 align-items-center \">Module C30 BE100<\/h2>\t\t\t\t\t\t\t\t\t<\/div>\n\t\t\t\t<ul class=\"reset-ul inline-nav lqd-pf-cat d-inline-flex pos-rel z-index-2\"><li><a href=\"https:\/\/gbgroupcontainer.com\/fr\/typologie-du-module\/monobloc\/\">Monobloc<\/a><\/li><\/ul>\t\t\t<\/div>\n\n\t\t\t<a href=\"https:\/\/gbgroupcontainer.com\/fr\/moduli\/module-c30-be100\/\"  class=\"lqd-overlay lqd-pf-overlay-link lqd-cc-label-trigger\"><\/a>\n\t\t<\/div>\n\t<\/article>\n\n<\/div><div class=\"lqd-pf-column col-md-6 col-sm-6 col-xs-12 col-sm-6 col-xs-12 masonry-item monobloc\">\n\n\t<article id=\"post-12905\" class=\"lqd-pf-item lqd-pf-item-style-6 border-radius-6 p-3 pt-4 lqd-pf-color-custom post-12905 liquid-portfolio type-liquid-portfolio status-publish format-standard has-post-thumbnail hentry liquid-portfolio-category-monobloc\">\n\t\t<div class=\"lqd-pf-item-inner\">\n\n\t\t\t<div class=\"lqd-pf-img mb-3 pos-rel border-radius-10 overflow-hidden\">\n\t\t\t\t<figure>\n\t\t\t\t\t<figure class=\"w-100\"><img decoding=\"async\" width=\"748\" height=\"512\" src=\"data:image\/svg+xml;charset=utf-8,%3Csvg xmlns%3D&#039;http%3A%2F%2Fwww.w3.org%2F2000%2Fsvg&#039; viewBox%3D&#039;0 0 748 512&#039;%2F%3E\" class=\"w-100 ld-lazyload wp-post-image\" alt=\"\" itemprop=\"image\" data-src=\"https:\/\/gbgroupcontainer.com\/wp-content\/uploads\/2023\/03\/GB-GROUP-Modulo-C30-BE60-748x512.jpg\" data-aspect=\"1.4609375\" \/><\/figure>\t\t\t\t<\/figure>\n\t\t\t\t<span class=\"lqd-pf-overlay-bg lqd-overlay d-flex align-items-center justify-content-center\">\n\t\t\t\t<\/span>\n\t\t\t<\/div>\n\n\t\t\t<div class=\"lqd-pf-details\">\n\t\t\t\t<div class=\"d-flex justify-content-between\">\n\t\t\t\t\t\t\t\t\t\t<h2 class=\"lqd-pf-title mt-0 align-items-center \">Module C30 BE60<\/h2>\t\t\t\t\t\t\t\t\t<\/div>\n\t\t\t\t<ul class=\"reset-ul inline-nav lqd-pf-cat d-inline-flex pos-rel z-index-2\"><li><a href=\"https:\/\/gbgroupcontainer.com\/fr\/typologie-du-module\/monobloc\/\">Monobloc<\/a><\/li><\/ul>\t\t\t<\/div>\n\n\t\t\t<a href=\"https:\/\/gbgroupcontainer.com\/fr\/moduli\/module-c30-be60\/\"  class=\"lqd-overlay lqd-pf-overlay-link lqd-cc-label-trigger\"><\/a>\n\t\t<\/div>\n\t<\/article>\n\n<\/div><div class=\"lqd-pf-column col-md-6 col-sm-6 col-xs-12 col-sm-6 col-xs-12 masonry-item monobloc\">\n\n\t<article id=\"post-12895\" class=\"lqd-pf-item lqd-pf-item-style-6 border-radius-6 p-3 pt-4 lqd-pf-color-custom post-12895 liquid-portfolio type-liquid-portfolio status-publish format-standard has-post-thumbnail hentry liquid-portfolio-category-monobloc\">\n\t\t<div class=\"lqd-pf-item-inner\">\n\n\t\t\t<div class=\"lqd-pf-img mb-3 pos-rel border-radius-10 overflow-hidden\">\n\t\t\t\t<figure>\n\t\t\t\t\t<figure class=\"w-100\"><img decoding=\"async\" width=\"748\" height=\"512\" src=\"data:image\/svg+xml;charset=utf-8,%3Csvg xmlns%3D&#039;http%3A%2F%2Fwww.w3.org%2F2000%2Fsvg&#039; viewBox%3D&#039;0 0 748 512&#039;%2F%3E\" class=\"w-100 ld-lazyload wp-post-image\" alt=\"\" itemprop=\"image\" data-src=\"https:\/\/gbgroupcontainer.com\/wp-content\/uploads\/2023\/03\/Modulo-C30ISO-GB-Group-748x512.jpg\" data-aspect=\"1.4609375\" \/><\/figure>\t\t\t\t<\/figure>\n\t\t\t\t<span class=\"lqd-pf-overlay-bg lqd-overlay d-flex align-items-center justify-content-center\">\n\t\t\t\t<\/span>\n\t\t\t<\/div>\n\n\t\t\t<div class=\"lqd-pf-details\">\n\t\t\t\t<div class=\"d-flex justify-content-between\">\n\t\t\t\t\t\t\t\t\t\t<h2 class=\"lqd-pf-title mt-0 align-items-center \">Module C30 ISO<\/h2>\t\t\t\t\t\t\t\t\t<\/div>\n\t\t\t\t<ul class=\"reset-ul inline-nav lqd-pf-cat d-inline-flex pos-rel z-index-2\"><li><a href=\"https:\/\/gbgroupcontainer.com\/fr\/typologie-du-module\/monobloc\/\">Monobloc<\/a><\/li><\/ul>\t\t\t<\/div>\n\n\t\t\t<a href=\"https:\/\/gbgroupcontainer.com\/fr\/moduli\/module-c30-iso\/\"  class=\"lqd-overlay lqd-pf-overlay-link lqd-cc-label-trigger\"><\/a>\n\t\t<\/div>\n\t<\/article>\n\n<\/div><div class=\"lqd-pf-column col-md-6 col-sm-6 col-xs-12 col-sm-6 col-xs-12 masonry-item monobloc\">\n\n\t<article id=\"post-12882\" class=\"lqd-pf-item lqd-pf-item-style-6 border-radius-6 p-3 pt-4 lqd-pf-color-custom post-12882 liquid-portfolio type-liquid-portfolio status-publish format-standard has-post-thumbnail hentry liquid-portfolio-category-monobloc\">\n\t\t<div class=\"lqd-pf-item-inner\">\n\n\t\t\t<div class=\"lqd-pf-img mb-3 pos-rel border-radius-10 overflow-hidden\">\n\t\t\t\t<figure>\n\t\t\t\t\t<figure class=\"w-100\"><img decoding=\"async\" width=\"748\" height=\"512\" src=\"data:image\/svg+xml;charset=utf-8,%3Csvg xmlns%3D&#039;http%3A%2F%2Fwww.w3.org%2F2000%2Fsvg&#039; viewBox%3D&#039;0 0 748 512&#039;%2F%3E\" class=\"w-100 ld-lazyload wp-post-image\" alt=\"\" itemprop=\"image\" data-src=\"https:\/\/gbgroupcontainer.com\/wp-content\/uploads\/2023\/03\/Modulo-A20-ISO-GB-Group-748x512.jpg\" data-aspect=\"1.4609375\" \/><\/figure>\t\t\t\t<\/figure>\n\t\t\t\t<span class=\"lqd-pf-overlay-bg lqd-overlay d-flex align-items-center justify-content-center\">\n\t\t\t\t<\/span>\n\t\t\t<\/div>\n\n\t\t\t<div class=\"lqd-pf-details\">\n\t\t\t\t<div class=\"d-flex justify-content-between\">\n\t\t\t\t\t\t\t\t\t\t<h2 class=\"lqd-pf-title mt-0 align-items-center \">Module A20 ISO<\/h2>\t\t\t\t\t\t\t\t\t<\/div>\n\t\t\t\t<ul class=\"reset-ul inline-nav lqd-pf-cat d-inline-flex pos-rel z-index-2\"><li><a href=\"https:\/\/gbgroupcontainer.com\/fr\/typologie-du-module\/monobloc\/\">Monobloc<\/a><\/li><\/ul>\t\t\t<\/div>\n\n\t\t\t<a href=\"https:\/\/gbgroupcontainer.com\/fr\/moduli\/module-a20-iso\/\"  class=\"lqd-overlay lqd-pf-overlay-link lqd-cc-label-trigger\"><\/a>\n\t\t<\/div>\n\t<\/article>\n\n<\/div><div class=\"lqd-pf-column col-md-6 col-sm-6 col-xs-12 col-sm-6 col-xs-12 masonry-item monobloc\">\n\n\t<article id=\"post-12865\" class=\"lqd-pf-item lqd-pf-item-style-6 border-radius-6 p-3 pt-4 lqd-pf-color-custom post-12865 liquid-portfolio type-liquid-portfolio status-publish format-standard has-post-thumbnail hentry liquid-portfolio-category-monobloc\">\n\t\t<div class=\"lqd-pf-item-inner\">\n\n\t\t\t<div class=\"lqd-pf-img mb-3 pos-rel border-radius-10 overflow-hidden\">\n\t\t\t\t<figure>\n\t\t\t\t\t<figure class=\"w-100\"><img decoding=\"async\" width=\"748\" height=\"512\" src=\"data:image\/svg+xml;charset=utf-8,%3Csvg xmlns%3D&#039;http%3A%2F%2Fwww.w3.org%2F2000%2Fsvg&#039; viewBox%3D&#039;0 0 748 512&#039;%2F%3E\" class=\"w-100 ld-lazyload wp-post-image\" alt=\"\" itemprop=\"image\" data-src=\"https:\/\/gbgroupcontainer.com\/wp-content\/uploads\/2023\/03\/Modulo-A15-GB-Group-748x512.jpg\" data-aspect=\"1.4609375\" \/><\/figure>\t\t\t\t<\/figure>\n\t\t\t\t<span class=\"lqd-pf-overlay-bg lqd-overlay d-flex align-items-center justify-content-center\">\n\t\t\t\t<\/span>\n\t\t\t<\/div>\n\n\t\t\t<div class=\"lqd-pf-details\">\n\t\t\t\t<div class=\"d-flex justify-content-between\">\n\t\t\t\t\t\t\t\t\t\t<h2 class=\"lqd-pf-title mt-0 align-items-center \">Module A15<\/h2>\t\t\t\t\t\t\t\t\t<\/div>\n\t\t\t\t<ul class=\"reset-ul inline-nav lqd-pf-cat d-inline-flex pos-rel z-index-2\"><li><a href=\"https:\/\/gbgroupcontainer.com\/fr\/typologie-du-module\/monobloc\/\">Monobloc<\/a><\/li><\/ul>\t\t\t<\/div>\n\n\t\t\t<a href=\"https:\/\/gbgroupcontainer.com\/fr\/moduli\/module-a15\/\"  class=\"lqd-overlay lqd-pf-overlay-link lqd-cc-label-trigger\"><\/a>\n\t\t<\/div>\n\t<\/article>\n\n<\/div><div class=\"lqd-pf-column col-md-6 col-sm-6 col-xs-12 col-sm-6 col-xs-12 masonry-item monobloc\">\n\n\t<article id=\"post-12854\" class=\"lqd-pf-item lqd-pf-item-style-6 border-radius-6 p-3 pt-4 lqd-pf-color-custom post-12854 liquid-portfolio type-liquid-portfolio status-publish format-standard has-post-thumbnail hentry liquid-portfolio-category-monobloc\">\n\t\t<div class=\"lqd-pf-item-inner\">\n\n\t\t\t<div class=\"lqd-pf-img mb-3 pos-rel border-radius-10 overflow-hidden\">\n\t\t\t\t<figure>\n\t\t\t\t\t<figure class=\"w-100\"><img decoding=\"async\" width=\"748\" height=\"512\" src=\"data:image\/svg+xml;charset=utf-8,%3Csvg xmlns%3D&#039;http%3A%2F%2Fwww.w3.org%2F2000%2Fsvg&#039; viewBox%3D&#039;0 0 748 512&#039;%2F%3E\" class=\"w-100 ld-lazyload wp-post-image\" alt=\"\" itemprop=\"image\" data-src=\"https:\/\/gbgroupcontainer.com\/wp-content\/uploads\/2023\/03\/Modulo-A10-GB-Group-748x512.jpg\" data-aspect=\"1.4609375\" \/><\/figure>\t\t\t\t<\/figure>\n\t\t\t\t<span class=\"lqd-pf-overlay-bg lqd-overlay d-flex align-items-center justify-content-center\">\n\t\t\t\t<\/span>\n\t\t\t<\/div>\n\n\t\t\t<div class=\"lqd-pf-details\">\n\t\t\t\t<div class=\"d-flex justify-content-between\">\n\t\t\t\t\t\t\t\t\t\t<h2 class=\"lqd-pf-title mt-0 align-items-center \">Module A10<\/h2>\t\t\t\t\t\t\t\t\t<\/div>\n\t\t\t\t<ul class=\"reset-ul inline-nav lqd-pf-cat d-inline-flex pos-rel z-index-2\"><li><a href=\"https:\/\/gbgroupcontainer.com\/fr\/typologie-du-module\/monobloc\/\">Monobloc<\/a><\/li><\/ul>\t\t\t<\/div>\n\n\t\t\t<a href=\"https:\/\/gbgroupcontainer.com\/fr\/moduli\/module-a10\/\"  class=\"lqd-overlay lqd-pf-overlay-link lqd-cc-label-trigger\"><\/a>\n\t\t<\/div>\n\t<\/article>\n\n<\/div><\/div><\/div>\t\t<\/div>\n\t\t\t\t<\/div>\n\t\t\t\t\t<\/div>\n\t\t<\/div>\n\t\t\t\t\t\t\t<\/div>\n\t\t<\/section>\n\t\t\t\t\t\t\t<\/div>\n\t\t","protected":false},"excerpt":{"rendered":"<p>Avec nos unit\u00e9s modulaires antisismiques, vous pouvez cr\u00e9er des bureaux, des \u00e9coles, des structures r\u00e9sidentielles, des situations d&rsquo;urgence, des chantiers de construction, des installations sportives, des vestiaires, des kiosques, des postes de garde, des stands d&rsquo;exposition et des salles d&rsquo;exposition, des garages automobiles, des toilettes isol\u00e9es et bien plus encore. Filtres Tous Monoblock TousMonoblock Demander [&hellip;]<\/p>\n","protected":false},"author":1,"featured_media":0,"parent":0,"menu_order":0,"comment_status":"closed","ping_status":"closed","template":"","meta":{"footnotes":""},"class_list":["post-12852","page","type-page","status-publish","hentry"],"yoast_head":"<!-- This site is optimized with the Yoast SEO plugin v20.8 - https:\/\/yoast.com\/wordpress\/plugins\/seo\/ -->\n<title>Modules | GB Group Container<\/title>\n<meta name=\"robots\" content=\"index, follow, max-snippet:-1, max-image-preview:large, max-video-preview:-1\" \/>\n<link rel=\"canonical\" href=\"https:\/\/gbgroupcontainer.com\/fr\/modules\/\" \/>\n<meta property=\"og:locale\" content=\"fr_FR\" \/>\n<meta property=\"og:type\" content=\"article\" \/>\n<meta property=\"og:title\" content=\"Modules | GB Group Container\" \/>\n<meta property=\"og:description\" content=\"Avec nos unit\u00e9s modulaires antisismiques, vous pouvez cr\u00e9er des bureaux, des \u00e9coles, des structures r\u00e9sidentielles, des situations d&rsquo;urgence, des chantiers de construction, des installations sportives, des vestiaires, des kiosques, des postes de garde, des stands d&rsquo;exposition et des salles d&rsquo;exposition, des garages automobiles, des toilettes isol\u00e9es et bien plus encore. Filtres Tous Monoblock TousMonoblock Demander [&hellip;]\" \/>\n<meta property=\"og:url\" content=\"https:\/\/gbgroupcontainer.com\/fr\/modules\/\" \/>\n<meta property=\"og:site_name\" content=\"GB Group Container\" \/>\n<meta property=\"article:modified_time\" content=\"2023-05-23T07:56:41+00:00\" \/>\n<meta property=\"og:image\" content=\"https:\/\/gbgroupcontainer.com\/wp-content\/uploads\/2023\/03\/modulo-location-prefabbricato-componibile-748x512.jpg\" \/>\n<meta name=\"twitter:card\" content=\"summary_large_image\" \/>\n<script type=\"application\/ld+json\" class=\"yoast-schema-graph\">{\"@context\":\"https:\/\/schema.org\",\"@graph\":[{\"@type\":\"WebPage\",\"@id\":\"https:\/\/gbgroupcontainer.com\/fr\/modules\/\",\"url\":\"https:\/\/gbgroupcontainer.com\/fr\/modules\/\",\"name\":\"Modules | GB Group Container\",\"isPartOf\":{\"@id\":\"https:\/\/gbgroupcontainer.com\/fr\/#website\"},\"datePublished\":\"2023-03-24T07:42:18+00:00\",\"dateModified\":\"2023-05-23T07:56:41+00:00\",\"breadcrumb\":{\"@id\":\"https:\/\/gbgroupcontainer.com\/fr\/modules\/#breadcrumb\"},\"inLanguage\":\"fr-FR\",\"potentialAction\":[{\"@type\":\"ReadAction\",\"target\":[\"https:\/\/gbgroupcontainer.com\/fr\/modules\/\"]}]},{\"@type\":\"BreadcrumbList\",\"@id\":\"https:\/\/gbgroupcontainer.com\/fr\/modules\/#breadcrumb\",\"itemListElement\":[{\"@type\":\"ListItem\",\"position\":1,\"name\":\"Home\",\"item\":\"https:\/\/gbgroupcontainer.com\/fr\/\"},{\"@type\":\"ListItem\",\"position\":2,\"name\":\"Modules\"}]},{\"@type\":\"WebSite\",\"@id\":\"https:\/\/gbgroupcontainer.com\/fr\/#website\",\"url\":\"https:\/\/gbgroupcontainer.com\/fr\/\",\"name\":\"GB Group Container\",\"description\":\"Sistemi abitativi componibili\",\"publisher\":{\"@id\":\"https:\/\/gbgroupcontainer.com\/fr\/#organization\"},\"potentialAction\":[{\"@type\":\"SearchAction\",\"target\":{\"@type\":\"EntryPoint\",\"urlTemplate\":\"https:\/\/gbgroupcontainer.com\/fr\/?s={search_term_string}\"},\"query-input\":\"required name=search_term_string\"}],\"inLanguage\":\"fr-FR\"},{\"@type\":\"Organization\",\"@id\":\"https:\/\/gbgroupcontainer.com\/fr\/#organization\",\"name\":\"GB Group Container\",\"url\":\"https:\/\/gbgroupcontainer.com\/fr\/\",\"logo\":{\"@type\":\"ImageObject\",\"inLanguage\":\"fr-FR\",\"@id\":\"https:\/\/gbgroupcontainer.com\/fr\/#\/schema\/logo\/image\/\",\"url\":\"https:\/\/gbgroupcontainer.com\/wp-content\/uploads\/2021\/05\/GB_Group-Logo.png\",\"contentUrl\":\"https:\/\/gbgroupcontainer.com\/wp-content\/uploads\/2021\/05\/GB_Group-Logo.png\",\"width\":467,\"height\":117,\"caption\":\"GB Group Container\"},\"image\":{\"@id\":\"https:\/\/gbgroupcontainer.com\/fr\/#\/schema\/logo\/image\/\"}}]}<\/script>\n<!-- \/ Yoast SEO plugin. -->","yoast_head_json":{"title":"Modules | GB Group Container","robots":{"index":"index","follow":"follow","max-snippet":"max-snippet:-1","max-image-preview":"max-image-preview:large","max-video-preview":"max-video-preview:-1"},"canonical":"https:\/\/gbgroupcontainer.com\/fr\/modules\/","og_locale":"fr_FR","og_type":"article","og_title":"Modules | GB Group Container","og_description":"Avec nos unit\u00e9s modulaires antisismiques, vous pouvez cr\u00e9er des bureaux, des \u00e9coles, des structures r\u00e9sidentielles, des situations d&rsquo;urgence, des chantiers de construction, des installations sportives, des vestiaires, des kiosques, des postes de garde, des stands d&rsquo;exposition et des salles d&rsquo;exposition, des garages automobiles, des toilettes isol\u00e9es et bien plus encore. Filtres Tous Monoblock TousMonoblock Demander [&hellip;]","og_url":"https:\/\/gbgroupcontainer.com\/fr\/modules\/","og_site_name":"GB Group Container","article_modified_time":"2023-05-23T07:56:41+00:00","og_image":[{"url":"https:\/\/gbgroupcontainer.com\/wp-content\/uploads\/2023\/03\/modulo-location-prefabbricato-componibile-748x512.jpg"}],"twitter_card":"summary_large_image","schema":{"@context":"https:\/\/schema.org","@graph":[{"@type":"WebPage","@id":"https:\/\/gbgroupcontainer.com\/fr\/modules\/","url":"https:\/\/gbgroupcontainer.com\/fr\/modules\/","name":"Modules | GB Group Container","isPartOf":{"@id":"https:\/\/gbgroupcontainer.com\/fr\/#website"},"datePublished":"2023-03-24T07:42:18+00:00","dateModified":"2023-05-23T07:56:41+00:00","breadcrumb":{"@id":"https:\/\/gbgroupcontainer.com\/fr\/modules\/#breadcrumb"},"inLanguage":"fr-FR","potentialAction":[{"@type":"ReadAction","target":["https:\/\/gbgroupcontainer.com\/fr\/modules\/"]}]},{"@type":"BreadcrumbList","@id":"https:\/\/gbgroupcontainer.com\/fr\/modules\/#breadcrumb","itemListElement":[{"@type":"ListItem","position":1,"name":"Home","item":"https:\/\/gbgroupcontainer.com\/fr\/"},{"@type":"ListItem","position":2,"name":"Modules"}]},{"@type":"WebSite","@id":"https:\/\/gbgroupcontainer.com\/fr\/#website","url":"https:\/\/gbgroupcontainer.com\/fr\/","name":"GB Group Container","description":"Sistemi abitativi componibili","publisher":{"@id":"https:\/\/gbgroupcontainer.com\/fr\/#organization"},"potentialAction":[{"@type":"SearchAction","target":{"@type":"EntryPoint","urlTemplate":"https:\/\/gbgroupcontainer.com\/fr\/?s={search_term_string}"},"query-input":"required name=search_term_string"}],"inLanguage":"fr-FR"},{"@type":"Organization","@id":"https:\/\/gbgroupcontainer.com\/fr\/#organization","name":"GB Group Container","url":"https:\/\/gbgroupcontainer.com\/fr\/","logo":{"@type":"ImageObject","inLanguage":"fr-FR","@id":"https:\/\/gbgroupcontainer.com\/fr\/#\/schema\/logo\/image\/","url":"https:\/\/gbgroupcontainer.com\/wp-content\/uploads\/2021\/05\/GB_Group-Logo.png","contentUrl":"https:\/\/gbgroupcontainer.com\/wp-content\/uploads\/2021\/05\/GB_Group-Logo.png","width":467,"height":117,"caption":"GB Group Container"},"image":{"@id":"https:\/\/gbgroupcontainer.com\/fr\/#\/schema\/logo\/image\/"}}]}},"_links":{"self":[{"href":"https:\/\/gbgroupcontainer.com\/fr\/wp-json\/wp\/v2\/pages\/12852","targetHints":{"allow":["GET"]}}],"collection":[{"href":"https:\/\/gbgroupcontainer.com\/fr\/wp-json\/wp\/v2\/pages"}],"about":[{"href":"https:\/\/gbgroupcontainer.com\/fr\/wp-json\/wp\/v2\/types\/page"}],"author":[{"embeddable":true,"href":"https:\/\/gbgroupcontainer.com\/fr\/wp-json\/wp\/v2\/users\/1"}],"replies":[{"embeddable":true,"href":"https:\/\/gbgroupcontainer.com\/fr\/wp-json\/wp\/v2\/comments?post=12852"}],"version-history":[{"count":4,"href":"https:\/\/gbgroupcontainer.com\/fr\/wp-json\/wp\/v2\/pages\/12852\/revisions"}],"predecessor-version":[{"id":13270,"href":"https:\/\/gbgroupcontainer.com\/fr\/wp-json\/wp\/v2\/pages\/12852\/revisions\/13270"}],"wp:attachment":[{"href":"https:\/\/gbgroupcontainer.com\/fr\/wp-json\/wp\/v2\/media?parent=12852"}],"curies":[{"name":"wp","href":"https:\/\/api.w.org\/{rel}","templated":true}]}}