{"id":12823,"date":"2023-03-24T08:00:35","date_gmt":"2023-03-24T08:00:35","guid":{"rendered":"https:\/\/gbgroupcontainer.com\/travaille-avec-nous\/"},"modified":"2025-04-16T10:03:47","modified_gmt":"2025-04-16T10:03:47","slug":"travaille-avec-nous","status":"publish","type":"page","link":"https:\/\/gbgroupcontainer.com\/fr\/travaille-avec-nous\/","title":{"rendered":"Travaille avec nous"},"content":{"rendered":"\t\t<div data-elementor-type=\"wp-page\" data-elementor-id=\"12823\" class=\"elementor elementor-12823 elementor-11103\">\n\t\t\t\t\t\t\t\t\t<section class=\"elementor-section elementor-top-section elementor-element elementor-element-bf3fffa elementor-reverse-tablet elementor-reverse-mobile elementor-section-content-middle elementor-section-boxed elementor-section-height-default elementor-section-height-default\" data-id=\"bf3fffa\" data-element_type=\"section\" data-settings=\"{&quot;background_background&quot;:&quot;classic&quot;}\">\n\t\t\t\t\t\t<div class=\"elementor-container elementor-column-gap-default\">\n\t\t\t\t\t<div class=\"elementor-column elementor-col-100 elementor-top-column elementor-element elementor-element-9d7b2d2\" data-id=\"9d7b2d2\" data-element_type=\"column\">\n\t\t\t<div class=\"elementor-widget-wrap elementor-element-populated\">\n\t\t\t\t\t\t\t\t<section class=\"elementor-section elementor-inner-section elementor-element elementor-element-c8a9aff elementor-section-boxed elementor-section-height-default elementor-section-height-default\" data-id=\"c8a9aff\" data-element_type=\"section\" data-settings=\"{&quot;background_background&quot;:&quot;classic&quot;}\">\n\t\t\t\t\t\t<div class=\"elementor-container elementor-column-gap-default\">\n\t\t\t\t\t<div data-custom-animations=\"true\" data-ca-options=\"{&quot;addChildTimelines&quot;:false,&quot;animationTarget&quot;:&quot;:scope &gt; .elementor-widget-wrap &gt; .elementor-element &gt; .elementor-widget-container, :scope &gt; .elementor-widget-wrap &gt; .elementor-section &gt; .elementor-container &gt; .elementor-column &gt; .elementor-widget-wrap &gt; .elementor-element:not(.lqd-el-has-inner-anim) &gt; .elementor-widget-container, :scope &gt; .elementor-widget-wrap &gt; .elementor-widget-hub_fancy_heading .lqd-split-lines .lqd-lines .split-inner, :scope &gt; .elementor-widget-wrap &gt; .elementor-widget-hub_fancy_heading .lqd-split-words .lqd-words .split-inner, :scope &gt; .elementor-widget-wrap &gt; .elementor-widget-hub_fancy_heading .lqd-split-chars .lqd-chars .split-inner, :scope &gt; .elementor-widget-wrap &gt; .elementor-widget-ld_custom_menu .lqd-fancy-menu &gt; ul &gt; li&quot;,&quot;duration&quot;:1800,&quot;delay&quot;:180,&quot;ease&quot;:[&quot;power4.out&quot;],&quot;initValues&quot;:{&quot;y&quot;:&quot;35px&quot;,&quot;opacity&quot;:0},&quot;animations&quot;:{&quot;y&quot;:&quot;0px&quot;,&quot;opacity&quot;:1}}\" class=\"elementor-column elementor-col-100 elementor-inner-column elementor-element elementor-element-123f53f\" data-id=\"123f53f\" data-element_type=\"column\" data-settings=\"{&quot;background_background&quot;:&quot;classic&quot;}\">\n\t\t\t<div class=\"elementor-widget-wrap elementor-element-populated\">\n\t\t\t\t\t\t\t\t<div class=\"elementor-element elementor-element-c2debf4 elementor-widget elementor-widget-hub_fancy_heading\" data-id=\"c2debf4\" data-element_type=\"widget\" data-widget_type=\"hub_fancy_heading.default\">\n\t\t\t\t<div class=\"elementor-widget-container\">\n\t\t\t\n\t\t<div id=\"ld-fancy-heading-69e01057e0f6d\" class=\"ld-fancy-heading pos-rel\">\n\t\t\t<h6 class=\"ld-fh-element d-inline-block pos-rel  elementor-heading-title lqd-highlight-classic lqd-highlight-grow-left h6\"  > Envoyez votre CV<\/h6>\t\t<\/div>\n\n\t\t\t\t<\/div>\n\t\t\t\t<\/div>\n\t\t\t\t<div class=\"elementor-element elementor-element-6ec5856 elementor-widget elementor-widget-text-editor\" data-id=\"6ec5856\" data-element_type=\"widget\" data-widget_type=\"text-editor.default\">\n\t\t\t\t<div class=\"elementor-widget-container\">\n\t\t\t<style>\/*! elementor - v3.13.3 - 22-05-2023 *\/\n.elementor-widget-text-editor.elementor-drop-cap-view-stacked .elementor-drop-cap{background-color:#69727d;color:#fff}.elementor-widget-text-editor.elementor-drop-cap-view-framed .elementor-drop-cap{color:#69727d;border:3px solid;background-color:transparent}.elementor-widget-text-editor:not(.elementor-drop-cap-view-default) .elementor-drop-cap{margin-top:8px}.elementor-widget-text-editor:not(.elementor-drop-cap-view-default) .elementor-drop-cap-letter{width:1em;height:1em}.elementor-widget-text-editor .elementor-drop-cap{float:left;text-align:center;line-height:1;font-size:50px}.elementor-widget-text-editor .elementor-drop-cap-letter{display:inline-block}<\/style>\t\t\t\t<p>L&rsquo;engagement envers l&rsquo;environnement, l&rsquo;attention \u00e0 tous les besoins des clients, les \u00e9tudes sp\u00e9cialis\u00e9es et l&rsquo;innovation technologique nous ont donn\u00e9 des comp\u00e9tences et des comp\u00e9tences professionnelles pour construire ou r\u00e9nover des b\u00e2timents modulaires et des maisons parasismiques de la meilleure fa\u00e7on en termes de qualit\u00e9, s\u00e9curit\u00e9, \u00e9co-durabilit\u00e9, temps et prix.<\/p><p>Nous croyons fermement au \u00abtravail d&rsquo;\u00e9quipe\u00bb, o\u00f9 des personnes de sp\u00e9cialisation, d&rsquo;exp\u00e9rience, de mentalit\u00e9 et de points de vue diff\u00e9rents collaborent en rassemblant leurs connaissances en fonction de l&rsquo;objectif de l&rsquo;entreprise. Les personnes qui travaillent avec nous sont notre famille: pour cette raison, nous voulons garantir \u00e0 tous l&rsquo;\u00e9galit\u00e9 des chances, une int\u00e9gration compl\u00e8te et des opportunit\u00e9s de croissance de carri\u00e8re.<\/p><p>Nous demandons \u00e0 nos employ\u00e9s la passion, la loyaut\u00e9, la proactivit\u00e9 et la comp\u00e9tence technique et nous offrons un environnement ouvert et dynamique dans lequel s&rsquo;exprimer et d\u00e9velopper leur professionnalisme et leur capacit\u00e9 \u00e0 travailler vers les objectifs.<\/p><p>Compte tenu des futures opportunit\u00e9s d&rsquo;insertion, nous \u00e9valuons toujours avec int\u00e9r\u00eat et attention le Curriculum Vitae des dipl\u00f4m\u00e9s r\u00e9cents et des profils d&rsquo;experts qui souhaitent rejoindre GB Group S.r.l.<\/p><p>Envoyez votre CV en remplissant le formulaire ou en \u00e9crivant un e-mail \u00e0 l&rsquo;adresse: <a href=\"mailto:bramini@gbgroupcontainer.it\"><strong>bramini@gbgroupcontainer.it<\/strong><\/a><\/p>\t\t\t\t\t\t<\/div>\n\t\t\t\t<\/div>\n\t\t\t\t<div class=\"elementor-element elementor-element-f0f16a3 elementor-widget elementor-widget-spacer\" data-id=\"f0f16a3\" data-element_type=\"widget\" data-widget_type=\"spacer.default\">\n\t\t\t\t<div class=\"elementor-widget-container\">\n\t\t\t<style>\/*! elementor - v3.13.3 - 22-05-2023 *\/\n.elementor-column .elementor-spacer-inner{height:var(--spacer-size)}.e-con{--container-widget-width:100%}.e-con-inner>.elementor-widget-spacer,.e-con>.elementor-widget-spacer{width:var(--container-widget-width,var(--spacer-size));--align-self:var(--container-widget-align-self,initial);--flex-shrink:0}.e-con-inner>.elementor-widget-spacer>.elementor-widget-container,.e-con-inner>.elementor-widget-spacer>.elementor-widget-container>.elementor-spacer,.e-con>.elementor-widget-spacer>.elementor-widget-container,.e-con>.elementor-widget-spacer>.elementor-widget-container>.elementor-spacer{height:100%}.e-con-inner>.elementor-widget-spacer>.elementor-widget-container>.elementor-spacer>.elementor-spacer-inner,.e-con>.elementor-widget-spacer>.elementor-widget-container>.elementor-spacer>.elementor-spacer-inner{height:var(--container-widget-height,var(--spacer-size))}<\/style>\t\t<div class=\"elementor-spacer\">\n\t\t\t<div class=\"elementor-spacer-inner\"><\/div>\n\t\t<\/div>\n\t\t\t\t<\/div>\n\t\t\t\t<\/div>\n\t\t\t\t<div class=\"elementor-element elementor-element-4744355 elementor-widget elementor-widget-ld_cf722\" data-id=\"4744355\" data-element_type=\"widget\" data-widget_type=\"ld_cf722.default\">\n\t\t\t\t<div class=\"elementor-widget-container\">\n\t\t\t\n\t<div class=\"lqd-contact-form lqd-contact-form-inputs-filled   lqd-contact-form-button-block  lqd-contact-form-button-lg lqd-contact-form-button-round  \">\n\t\t\n<div class=\"wpcf7 no-js\" id=\"wpcf7-f13008-o1\" lang=\"fr-FR\" dir=\"ltr\">\n<div class=\"screen-reader-response\"><p role=\"status\" aria-live=\"polite\" aria-atomic=\"true\"><\/p> <ul><\/ul><\/div>\n<form action=\"\/fr\/wp-json\/wp\/v2\/pages\/12823#wpcf7-f13008-o1\" method=\"post\" class=\"wpcf7-form init\" aria-label=\"Formulaire de contact\" enctype=\"multipart\/form-data\" novalidate=\"novalidate\" data-status=\"init\">\n<div style=\"display: none;\">\n<input type=\"hidden\" name=\"_wpcf7\" value=\"13008\" \/>\n<input type=\"hidden\" name=\"_wpcf7_version\" value=\"5.8.3\" \/>\n<input type=\"hidden\" name=\"_wpcf7_locale\" value=\"fr_FR\" \/>\n<input type=\"hidden\" name=\"_wpcf7_unit_tag\" value=\"wpcf7-f13008-o1\" \/>\n<input type=\"hidden\" name=\"_wpcf7_container_post\" value=\"0\" \/>\n<input type=\"hidden\" name=\"_wpcf7_posted_data_hash\" value=\"\" \/>\n<input type=\"hidden\" name=\"_wpcf7_recaptcha_response\" value=\"\" \/>\n<\/div>\n<div class=\"row\">\n\t<div class=\"col-md-6\">\n\t\t<p><span class=\"wpcf7-form-control-wrap\" data-name=\"nome\"><input size=\"40\" class=\"wpcf7-form-control wpcf7-text wpcf7-validates-as-required\" aria-required=\"true\" aria-invalid=\"false\" placeholder=\"Pr\u00e9nom*\" value=\"\" type=\"text\" name=\"nome\" \/><\/span>\n\t\t<\/p>\n\t<\/div>\n\t<div class=\"col-md-6\">\n\t\t<p><span class=\"wpcf7-form-control-wrap\" data-name=\"cognome\"><input size=\"40\" class=\"wpcf7-form-control wpcf7-text wpcf7-validates-as-required\" aria-required=\"true\" aria-invalid=\"false\" placeholder=\"Nom*\" value=\"\" type=\"text\" name=\"cognome\" \/><\/span>\n\t\t<\/p>\n\t<\/div>\n\t<div class=\"col-md-6\">\n\t\t<p><span class=\"wpcf7-form-control-wrap\" data-name=\"date-574\"><input class=\"wpcf7-form-control wpcf7-date wpcf7-validates-as-required wpcf7-validates-as-date\" aria-required=\"true\" aria-invalid=\"false\" placeholder=\"Date de naissance*\" value=\"\" type=\"date\" name=\"date-574\" \/><\/span>\n\t\t<\/p>\n\t<\/div>\n\t<div class=\"col-md-6\">\n\t\t<p><span class=\"wpcf7-form-control-wrap\" data-name=\"professione\"><input size=\"40\" class=\"wpcf7-form-control wpcf7-text wpcf7-validates-as-required\" aria-required=\"true\" aria-invalid=\"false\" placeholder=\"Profession*\" value=\"\" type=\"text\" name=\"professione\" \/><\/span>\n\t\t<\/p>\n\t<\/div>\n\t<div class=\"col-md-6\">\n\t\t<p><span class=\"wpcf7-form-control-wrap\" data-name=\"Domicilio\"><input size=\"40\" class=\"wpcf7-form-control wpcf7-text wpcf7-validates-as-required\" aria-required=\"true\" aria-invalid=\"false\" placeholder=\"Domicile*\" value=\"\" type=\"text\" name=\"Domicilio\" \/><\/span>\n\t\t<\/p>\n\t<\/div>\n\t<div class=\"col-md-6\">\n\t\t<p><span class=\"wpcf7-form-control-wrap\" data-name=\"mansione\"><select class=\"wpcf7-form-control wpcf7-select wpcf7-validates-as-required\" aria-required=\"true\" aria-invalid=\"false\" name=\"mansione\"><option value=\"Poste souhait\u00e9*\">Poste souhait\u00e9*<\/option><option value=\"Commercial export langue allemande et fran\u00e7aise\">Commercial export langue allemande et fran\u00e7aise<\/option><option value=\"Soudeurs \u00e0 fil\">Soudeurs \u00e0 fil<\/option><option value=\"\u00c9lectriciens en b\u00e2timent\">\u00c9lectriciens en b\u00e2timent<\/option><option value=\"Monteurs en m\u00e9canique\">Monteurs en m\u00e9canique<\/option><option value=\"Dessinateurs 3D\">Dessinateurs 3D<\/option><\/select><\/span>\n\t\t<\/p>\n\t<\/div>\n\t<div class=\"col-md-6\">\n\t\t<p><span class=\"wpcf7-form-control-wrap\" data-name=\"email-899\"><input size=\"40\" class=\"wpcf7-form-control wpcf7-email wpcf7-validates-as-required wpcf7-text wpcf7-validates-as-email\" aria-required=\"true\" aria-invalid=\"false\" placeholder=\"Adresse e-mail*\" value=\"\" type=\"email\" name=\"email-899\" \/><\/span>\n\t\t<\/p>\n\t<\/div>\n\t<div class=\"col-md-6\">\n\t\t<p><span class=\"wpcf7-form-control-wrap\" data-name=\"telefono\"><input size=\"40\" class=\"wpcf7-form-control wpcf7-tel wpcf7-validates-as-required wpcf7-text wpcf7-validates-as-tel\" aria-required=\"true\" aria-invalid=\"false\" placeholder=\"Num\u00e9ro de t\u00e9l\u00e9phone*\" value=\"\" type=\"tel\" name=\"telefono\" \/><\/span>\n\t\t<\/p>\n\t<\/div>\n\t<div class=\"col-md-12\">\n\t\t<p><span class=\"wpcf7-form-control-wrap\" data-name=\"textarea-889\"><textarea cols=\"10\" rows=\"4\" class=\"wpcf7-form-control wpcf7-textarea wpcf7-validates-as-required\" aria-required=\"true\" aria-invalid=\"false\" placeholder=\"\u00c9crivez ici votre pr\u00e9sentation*\" name=\"textarea-889\"><\/textarea><\/span>\n\t\t<\/p>\n\t<\/div>\n\t<div class=\"col-md-12\">\n\t\t<p>T\u00e9l\u00e9chargez votre CV en format PDF ou Word pour envoyer une candidature spontan\u00e9e \u00e0 l\u2019entreprise<br \/>\n<span class=\"wpcf7-form-control-wrap\" data-name=\"file-940\"><input size=\"40\" class=\"wpcf7-form-control wpcf7-file wpcf7-validates-as-required\" accept=\".pdf,.doc,.odt\" aria-required=\"true\" aria-invalid=\"false\" type=\"file\" name=\"file-940\" \/><\/span>\n\t\t<\/p>\n\t<\/div>\n\t<div class=\"col-md-12\">\n\t\t<p><span class=\"wpcf7-form-control-wrap\" data-name=\"acceptance-891\"><span class=\"wpcf7-form-control wpcf7-acceptance\"><span class=\"wpcf7-list-item\"><label><input type=\"checkbox\" name=\"acceptance-891\" value=\"1\" aria-invalid=\"false\" \/><span class=\"wpcf7-list-item-label\">* Je d\u00e9clare avoir lu la politique de confidentialit\u00e9. <a href=\"https:\/\/gbgroupcontainer.com\/privacy-policy\">Politique de confidentialit\u00e9<\/a> - <a href=\"https:\/\/gbgroupcontainer.com\/informativa-richiedenti-impiego\/\">Informations pour les candidats \u00e0 l\u2019emploi<\/a><\/span><\/label><\/span><\/span><\/span>\n\t\t<\/p>\n\t<\/div>\n\t<div class=\"col-md-12\">\n\t\t<p><input class=\"wpcf7-form-control wpcf7-submit has-spinner\" type=\"submit\" value=\"Envoyer la candidature\" \/>\n\t\t<\/p>\n\t<\/div>\n<\/div><input type='hidden' class='wpcf7-pum' value='{\"closepopup\":false,\"closedelay\":0,\"openpopup\":false,\"openpopup_id\":0}' \/><div class=\"wpcf7-response-output\" aria-hidden=\"true\"><\/div>\n<\/form>\n<\/div>\n\t<\/div>\n\n\t\t\t<\/div>\n\t\t\t\t<\/div>\n\t\t\t\t\t<\/div>\n\t\t<\/div>\n\t\t\t\t\t\t\t<\/div>\n\t\t<\/section>\n\t\t\t\t\t<\/div>\n\t\t<\/div>\n\t\t\t\t\t\t\t<\/div>\n\t\t<\/section>\n\t\t\t\t\t\t\t<\/div>\n\t\t","protected":false},"excerpt":{"rendered":"<p>Envoyez votre CV L&rsquo;engagement envers l&rsquo;environnement, l&rsquo;attention \u00e0 tous les besoins des clients, les \u00e9tudes sp\u00e9cialis\u00e9es et l&rsquo;innovation technologique nous ont donn\u00e9 des comp\u00e9tences et des comp\u00e9tences professionnelles pour construire ou r\u00e9nover des b\u00e2timents modulaires et des maisons parasismiques de la meilleure fa\u00e7on en termes de qualit\u00e9, s\u00e9curit\u00e9, \u00e9co-durabilit\u00e9, temps et prix. Nous croyons fermement [&hellip;]<\/p>\n","protected":false},"author":1,"featured_media":0,"parent":0,"menu_order":0,"comment_status":"closed","ping_status":"closed","template":"","meta":{"footnotes":""},"class_list":["post-12823","page","type-page","status-publish","hentry"],"yoast_head":"<!-- This site is optimized with the Yoast SEO plugin v20.8 - https:\/\/yoast.com\/wordpress\/plugins\/seo\/ -->\n<title>Travaille avec nous | GB Group Container<\/title>\n<meta name=\"robots\" content=\"index, follow, max-snippet:-1, max-image-preview:large, max-video-preview:-1\" \/>\n<link rel=\"canonical\" href=\"https:\/\/gbgroupcontainer.com\/fr\/travaille-avec-nous\/\" \/>\n<meta property=\"og:locale\" content=\"fr_FR\" \/>\n<meta property=\"og:type\" content=\"article\" \/>\n<meta property=\"og:title\" content=\"Travaille avec nous | GB Group Container\" \/>\n<meta property=\"og:description\" content=\"Envoyez votre CV L&rsquo;engagement envers l&rsquo;environnement, l&rsquo;attention \u00e0 tous les besoins des clients, les \u00e9tudes sp\u00e9cialis\u00e9es et l&rsquo;innovation technologique nous ont donn\u00e9 des comp\u00e9tences et des comp\u00e9tences professionnelles pour construire ou r\u00e9nover des b\u00e2timents modulaires et des maisons parasismiques de la meilleure fa\u00e7on en termes de qualit\u00e9, s\u00e9curit\u00e9, \u00e9co-durabilit\u00e9, temps et prix. Nous croyons fermement [&hellip;]\" \/>\n<meta property=\"og:url\" content=\"https:\/\/gbgroupcontainer.com\/fr\/travaille-avec-nous\/\" \/>\n<meta property=\"og:site_name\" content=\"GB Group Container\" \/>\n<meta property=\"article:modified_time\" content=\"2025-04-16T10:03:47+00:00\" \/>\n<meta property=\"og:image\" content=\"https:\/\/gbgroupcontainer.com\/wp-content\/uploads\/2023\/05\/Imm-Cond-fb.jpg\" \/>\n\t<meta property=\"og:image:width\" content=\"1200\" \/>\n\t<meta property=\"og:image:height\" content=\"675\" \/>\n\t<meta property=\"og:image:type\" content=\"image\/jpeg\" \/>\n<meta name=\"twitter:card\" content=\"summary_large_image\" \/>\n<meta name=\"twitter:label1\" content=\"Dur\u00e9e de lecture estim\u00e9e\" \/>\n\t<meta name=\"twitter:data1\" content=\"2 minutes\" \/>\n<script type=\"application\/ld+json\" class=\"yoast-schema-graph\">{\"@context\":\"https:\/\/schema.org\",\"@graph\":[{\"@type\":\"WebPage\",\"@id\":\"https:\/\/gbgroupcontainer.com\/fr\/travaille-avec-nous\/\",\"url\":\"https:\/\/gbgroupcontainer.com\/fr\/travaille-avec-nous\/\",\"name\":\"Travaille avec nous | GB Group Container\",\"isPartOf\":{\"@id\":\"https:\/\/gbgroupcontainer.com\/fr\/#website\"},\"datePublished\":\"2023-03-24T08:00:35+00:00\",\"dateModified\":\"2025-04-16T10:03:47+00:00\",\"breadcrumb\":{\"@id\":\"https:\/\/gbgroupcontainer.com\/fr\/travaille-avec-nous\/#breadcrumb\"},\"inLanguage\":\"fr-FR\",\"potentialAction\":[{\"@type\":\"ReadAction\",\"target\":[\"https:\/\/gbgroupcontainer.com\/fr\/travaille-avec-nous\/\"]}]},{\"@type\":\"BreadcrumbList\",\"@id\":\"https:\/\/gbgroupcontainer.com\/fr\/travaille-avec-nous\/#breadcrumb\",\"itemListElement\":[{\"@type\":\"ListItem\",\"position\":1,\"name\":\"Home\",\"item\":\"https:\/\/gbgroupcontainer.com\/fr\/\"},{\"@type\":\"ListItem\",\"position\":2,\"name\":\"Travaille avec nous\"}]},{\"@type\":\"WebSite\",\"@id\":\"https:\/\/gbgroupcontainer.com\/fr\/#website\",\"url\":\"https:\/\/gbgroupcontainer.com\/fr\/\",\"name\":\"GB Group Container\",\"description\":\"Sistemi abitativi componibili\",\"publisher\":{\"@id\":\"https:\/\/gbgroupcontainer.com\/fr\/#organization\"},\"potentialAction\":[{\"@type\":\"SearchAction\",\"target\":{\"@type\":\"EntryPoint\",\"urlTemplate\":\"https:\/\/gbgroupcontainer.com\/fr\/?s={search_term_string}\"},\"query-input\":\"required name=search_term_string\"}],\"inLanguage\":\"fr-FR\"},{\"@type\":\"Organization\",\"@id\":\"https:\/\/gbgroupcontainer.com\/fr\/#organization\",\"name\":\"GB Group Container\",\"url\":\"https:\/\/gbgroupcontainer.com\/fr\/\",\"logo\":{\"@type\":\"ImageObject\",\"inLanguage\":\"fr-FR\",\"@id\":\"https:\/\/gbgroupcontainer.com\/fr\/#\/schema\/logo\/image\/\",\"url\":\"https:\/\/gbgroupcontainer.com\/wp-content\/uploads\/2021\/05\/GB_Group-Logo.png\",\"contentUrl\":\"https:\/\/gbgroupcontainer.com\/wp-content\/uploads\/2021\/05\/GB_Group-Logo.png\",\"width\":467,\"height\":117,\"caption\":\"GB Group Container\"},\"image\":{\"@id\":\"https:\/\/gbgroupcontainer.com\/fr\/#\/schema\/logo\/image\/\"}}]}<\/script>\n<!-- \/ Yoast SEO plugin. -->","yoast_head_json":{"title":"Travaille avec nous | GB Group Container","robots":{"index":"index","follow":"follow","max-snippet":"max-snippet:-1","max-image-preview":"max-image-preview:large","max-video-preview":"max-video-preview:-1"},"canonical":"https:\/\/gbgroupcontainer.com\/fr\/travaille-avec-nous\/","og_locale":"fr_FR","og_type":"article","og_title":"Travaille avec nous | GB Group Container","og_description":"Envoyez votre CV L&rsquo;engagement envers l&rsquo;environnement, l&rsquo;attention \u00e0 tous les besoins des clients, les \u00e9tudes sp\u00e9cialis\u00e9es et l&rsquo;innovation technologique nous ont donn\u00e9 des comp\u00e9tences et des comp\u00e9tences professionnelles pour construire ou r\u00e9nover des b\u00e2timents modulaires et des maisons parasismiques de la meilleure fa\u00e7on en termes de qualit\u00e9, s\u00e9curit\u00e9, \u00e9co-durabilit\u00e9, temps et prix. Nous croyons fermement [&hellip;]","og_url":"https:\/\/gbgroupcontainer.com\/fr\/travaille-avec-nous\/","og_site_name":"GB Group Container","article_modified_time":"2025-04-16T10:03:47+00:00","og_image":[{"width":1200,"height":675,"url":"https:\/\/gbgroupcontainer.com\/wp-content\/uploads\/2023\/05\/Imm-Cond-fb.jpg","type":"image\/jpeg"}],"twitter_card":"summary_large_image","twitter_misc":{"Dur\u00e9e de lecture estim\u00e9e":"2 minutes"},"schema":{"@context":"https:\/\/schema.org","@graph":[{"@type":"WebPage","@id":"https:\/\/gbgroupcontainer.com\/fr\/travaille-avec-nous\/","url":"https:\/\/gbgroupcontainer.com\/fr\/travaille-avec-nous\/","name":"Travaille avec nous | GB Group Container","isPartOf":{"@id":"https:\/\/gbgroupcontainer.com\/fr\/#website"},"datePublished":"2023-03-24T08:00:35+00:00","dateModified":"2025-04-16T10:03:47+00:00","breadcrumb":{"@id":"https:\/\/gbgroupcontainer.com\/fr\/travaille-avec-nous\/#breadcrumb"},"inLanguage":"fr-FR","potentialAction":[{"@type":"ReadAction","target":["https:\/\/gbgroupcontainer.com\/fr\/travaille-avec-nous\/"]}]},{"@type":"BreadcrumbList","@id":"https:\/\/gbgroupcontainer.com\/fr\/travaille-avec-nous\/#breadcrumb","itemListElement":[{"@type":"ListItem","position":1,"name":"Home","item":"https:\/\/gbgroupcontainer.com\/fr\/"},{"@type":"ListItem","position":2,"name":"Travaille avec nous"}]},{"@type":"WebSite","@id":"https:\/\/gbgroupcontainer.com\/fr\/#website","url":"https:\/\/gbgroupcontainer.com\/fr\/","name":"GB Group Container","description":"Sistemi abitativi componibili","publisher":{"@id":"https:\/\/gbgroupcontainer.com\/fr\/#organization"},"potentialAction":[{"@type":"SearchAction","target":{"@type":"EntryPoint","urlTemplate":"https:\/\/gbgroupcontainer.com\/fr\/?s={search_term_string}"},"query-input":"required name=search_term_string"}],"inLanguage":"fr-FR"},{"@type":"Organization","@id":"https:\/\/gbgroupcontainer.com\/fr\/#organization","name":"GB Group Container","url":"https:\/\/gbgroupcontainer.com\/fr\/","logo":{"@type":"ImageObject","inLanguage":"fr-FR","@id":"https:\/\/gbgroupcontainer.com\/fr\/#\/schema\/logo\/image\/","url":"https:\/\/gbgroupcontainer.com\/wp-content\/uploads\/2021\/05\/GB_Group-Logo.png","contentUrl":"https:\/\/gbgroupcontainer.com\/wp-content\/uploads\/2021\/05\/GB_Group-Logo.png","width":467,"height":117,"caption":"GB Group Container"},"image":{"@id":"https:\/\/gbgroupcontainer.com\/fr\/#\/schema\/logo\/image\/"}}]}},"_links":{"self":[{"href":"https:\/\/gbgroupcontainer.com\/fr\/wp-json\/wp\/v2\/pages\/12823","targetHints":{"allow":["GET"]}}],"collection":[{"href":"https:\/\/gbgroupcontainer.com\/fr\/wp-json\/wp\/v2\/pages"}],"about":[{"href":"https:\/\/gbgroupcontainer.com\/fr\/wp-json\/wp\/v2\/types\/page"}],"author":[{"embeddable":true,"href":"https:\/\/gbgroupcontainer.com\/fr\/wp-json\/wp\/v2\/users\/1"}],"replies":[{"embeddable":true,"href":"https:\/\/gbgroupcontainer.com\/fr\/wp-json\/wp\/v2\/comments?post=12823"}],"version-history":[{"count":4,"href":"https:\/\/gbgroupcontainer.com\/fr\/wp-json\/wp\/v2\/pages\/12823\/revisions"}],"predecessor-version":[{"id":14194,"href":"https:\/\/gbgroupcontainer.com\/fr\/wp-json\/wp\/v2\/pages\/12823\/revisions\/14194"}],"wp:attachment":[{"href":"https:\/\/gbgroupcontainer.com\/fr\/wp-json\/wp\/v2\/media?parent=12823"}],"curies":[{"name":"wp","href":"https:\/\/api.w.org\/{rel}","templated":true}]}}