{"id":13062,"date":"2023-03-24T08:00:35","date_gmt":"2023-03-24T08:00:35","guid":{"rendered":"https:\/\/gbgroupcontainer.com\/arbeiten-sie-mit-uns\/"},"modified":"2025-04-16T10:03:03","modified_gmt":"2025-04-16T10:03:03","slug":"arbeiten-sie-mit-uns","status":"publish","type":"page","link":"https:\/\/gbgroupcontainer.com\/de\/arbeiten-sie-mit-uns\/","title":{"rendered":"Arbeiten Sie mit uns"},"content":{"rendered":"\t\t<div data-elementor-type=\"wp-page\" data-elementor-id=\"13062\" class=\"elementor elementor-13062 elementor-11103\">\n\t\t\t\t\t\t\t\t\t<section class=\"elementor-section elementor-top-section elementor-element elementor-element-bf3fffa elementor-reverse-tablet elementor-reverse-mobile elementor-section-content-middle elementor-section-boxed elementor-section-height-default elementor-section-height-default\" data-id=\"bf3fffa\" data-element_type=\"section\" data-settings=\"{&quot;background_background&quot;:&quot;classic&quot;}\">\n\t\t\t\t\t\t<div class=\"elementor-container elementor-column-gap-default\">\n\t\t\t\t\t<div class=\"elementor-column elementor-col-100 elementor-top-column elementor-element elementor-element-9d7b2d2\" data-id=\"9d7b2d2\" data-element_type=\"column\">\n\t\t\t<div class=\"elementor-widget-wrap elementor-element-populated\">\n\t\t\t\t\t\t\t\t<section class=\"elementor-section elementor-inner-section elementor-element elementor-element-c8a9aff elementor-section-boxed elementor-section-height-default elementor-section-height-default\" data-id=\"c8a9aff\" data-element_type=\"section\" data-settings=\"{&quot;background_background&quot;:&quot;classic&quot;}\">\n\t\t\t\t\t\t<div class=\"elementor-container elementor-column-gap-default\">\n\t\t\t\t\t<div data-custom-animations=\"true\" data-ca-options=\"{&quot;addChildTimelines&quot;:false,&quot;animationTarget&quot;:&quot;:scope &gt; .elementor-widget-wrap &gt; .elementor-element &gt; .elementor-widget-container, :scope &gt; .elementor-widget-wrap &gt; .elementor-section &gt; .elementor-container &gt; .elementor-column &gt; .elementor-widget-wrap &gt; .elementor-element:not(.lqd-el-has-inner-anim) &gt; .elementor-widget-container, :scope &gt; .elementor-widget-wrap &gt; .elementor-widget-hub_fancy_heading .lqd-split-lines .lqd-lines .split-inner, :scope &gt; .elementor-widget-wrap &gt; .elementor-widget-hub_fancy_heading .lqd-split-words .lqd-words .split-inner, :scope &gt; .elementor-widget-wrap &gt; .elementor-widget-hub_fancy_heading .lqd-split-chars .lqd-chars .split-inner, :scope &gt; .elementor-widget-wrap &gt; .elementor-widget-ld_custom_menu .lqd-fancy-menu &gt; ul &gt; li&quot;,&quot;duration&quot;:1800,&quot;delay&quot;:180,&quot;ease&quot;:[&quot;power4.out&quot;],&quot;initValues&quot;:{&quot;y&quot;:&quot;35px&quot;,&quot;opacity&quot;:0},&quot;animations&quot;:{&quot;y&quot;:&quot;0px&quot;,&quot;opacity&quot;:1}}\" class=\"elementor-column elementor-col-100 elementor-inner-column elementor-element elementor-element-123f53f\" data-id=\"123f53f\" data-element_type=\"column\" data-settings=\"{&quot;background_background&quot;:&quot;classic&quot;}\">\n\t\t\t<div class=\"elementor-widget-wrap elementor-element-populated\">\n\t\t\t\t\t\t\t\t<div class=\"elementor-element elementor-element-c2debf4 elementor-widget elementor-widget-hub_fancy_heading\" data-id=\"c2debf4\" data-element_type=\"widget\" data-widget_type=\"hub_fancy_heading.default\">\n\t\t\t\t<div class=\"elementor-widget-container\">\n\t\t\t\n\t\t<div id=\"ld-fancy-heading-69e007b81d1b0\" class=\"ld-fancy-heading pos-rel\">\n\t\t\t<h6 class=\"ld-fh-element d-inline-block pos-rel  elementor-heading-title lqd-highlight-classic lqd-highlight-grow-left h6\"  > Reichen Sie Ihren Lebenslauf ein<\/h6>\t\t<\/div>\n\n\t\t\t\t<\/div>\n\t\t\t\t<\/div>\n\t\t\t\t<div class=\"elementor-element elementor-element-6ec5856 elementor-widget elementor-widget-text-editor\" data-id=\"6ec5856\" data-element_type=\"widget\" data-widget_type=\"text-editor.default\">\n\t\t\t\t<div class=\"elementor-widget-container\">\n\t\t\t<style>\/*! elementor - v3.13.3 - 22-05-2023 *\/\n.elementor-widget-text-editor.elementor-drop-cap-view-stacked .elementor-drop-cap{background-color:#69727d;color:#fff}.elementor-widget-text-editor.elementor-drop-cap-view-framed .elementor-drop-cap{color:#69727d;border:3px solid;background-color:transparent}.elementor-widget-text-editor:not(.elementor-drop-cap-view-default) .elementor-drop-cap{margin-top:8px}.elementor-widget-text-editor:not(.elementor-drop-cap-view-default) .elementor-drop-cap-letter{width:1em;height:1em}.elementor-widget-text-editor .elementor-drop-cap{float:left;text-align:center;line-height:1;font-size:50px}.elementor-widget-text-editor .elementor-drop-cap-letter{display:inline-block}<\/style>\t\t\t\t<p>Engagement f\u00fcr die Umwelt, Aufmerksamkeit f\u00fcr alle Kundenbed\u00fcrfnisse, spezialisierte Studien und technologische Innovation haben uns professionelle F\u00e4higkeiten und Fachkenntnisse gegeben, um modulare Geb\u00e4ude und erdbebensichere H\u00e4user auf die beste Art und Weise in Bezug auf Qualit\u00e4t, Sicherheit, \u00f6kologische Nachhaltigkeit, Zeit und Preis zu bauen oder zu renovieren.<\/p><p>Wir glauben fest an die &#8222;Teamarbeit&#8220;, bei der Menschen mit unterschiedlichen Spezialisierungen, Erfahrungen, Mentalit\u00e4ten und Standpunkten zusammenarbeiten, indem sie ihr Wissen je nach Unternehmensziel b\u00fcndeln. Die Menschen, die bei uns arbeiten, sind unsere Familie: Aus diesem Grund wollen wir Chancengleichheit, volle Integration und berufliche Entwicklungsm\u00f6glichkeiten f\u00fcr alle sicherstellen.<\/p><p>Wir bitten unsere Mitarbeiter um Leidenschaft, Loyalit\u00e4t, Proaktivit\u00e4t und technische Kompetenz und bieten ihnen ein offenes und dynamisches Umfeld, in dem sie sich ausdr\u00fccken und ihre Professionalit\u00e4t und ihre F\u00e4higkeit, auf ihre Ziele hinzuarbeiten, entwickeln k\u00f6nnen.<\/p><p>Im Hinblick auf zuk\u00fcnftige Besch\u00e4ftigungsm\u00f6glichkeiten bewerten wir stets mit Interesse und Aufmerksamkeit den Lebenslauf von Hochschulabsolventen und Expertenprofilen, die sich der GB Group S.r.l. anschlie\u00dfen m\u00f6chten.<\/p><p>Schicken Sie Ihren Lebenslauf, indem Sie das Formular ausf\u00fcllen oder uns eine E-Mail an folgende Adresse schreiben: <a href=\"mailto:bramini@gbgroupcontainer.it\"><strong>bramini@gbgroupcontainer.it<\/strong><\/a><\/p>\t\t\t\t\t\t<\/div>\n\t\t\t\t<\/div>\n\t\t\t\t<div class=\"elementor-element elementor-element-f0f16a3 elementor-widget elementor-widget-spacer\" data-id=\"f0f16a3\" data-element_type=\"widget\" data-widget_type=\"spacer.default\">\n\t\t\t\t<div class=\"elementor-widget-container\">\n\t\t\t<style>\/*! elementor - v3.13.3 - 22-05-2023 *\/\n.elementor-column .elementor-spacer-inner{height:var(--spacer-size)}.e-con{--container-widget-width:100%}.e-con-inner>.elementor-widget-spacer,.e-con>.elementor-widget-spacer{width:var(--container-widget-width,var(--spacer-size));--align-self:var(--container-widget-align-self,initial);--flex-shrink:0}.e-con-inner>.elementor-widget-spacer>.elementor-widget-container,.e-con-inner>.elementor-widget-spacer>.elementor-widget-container>.elementor-spacer,.e-con>.elementor-widget-spacer>.elementor-widget-container,.e-con>.elementor-widget-spacer>.elementor-widget-container>.elementor-spacer{height:100%}.e-con-inner>.elementor-widget-spacer>.elementor-widget-container>.elementor-spacer>.elementor-spacer-inner,.e-con>.elementor-widget-spacer>.elementor-widget-container>.elementor-spacer>.elementor-spacer-inner{height:var(--container-widget-height,var(--spacer-size))}<\/style>\t\t<div class=\"elementor-spacer\">\n\t\t\t<div class=\"elementor-spacer-inner\"><\/div>\n\t\t<\/div>\n\t\t\t\t<\/div>\n\t\t\t\t<\/div>\n\t\t\t\t<div class=\"elementor-element elementor-element-4744355 elementor-widget elementor-widget-ld_cf722\" data-id=\"4744355\" data-element_type=\"widget\" data-widget_type=\"ld_cf722.default\">\n\t\t\t\t<div class=\"elementor-widget-container\">\n\t\t\t\n\t<div class=\"lqd-contact-form lqd-contact-form-inputs-filled   lqd-contact-form-button-block  lqd-contact-form-button-lg lqd-contact-form-button-round  \">\n\t\t\n<div class=\"wpcf7 no-js\" id=\"wpcf7-f13212-o1\" lang=\"de-DE\" dir=\"ltr\">\n<div class=\"screen-reader-response\"><p role=\"status\" aria-live=\"polite\" aria-atomic=\"true\"><\/p> <ul><\/ul><\/div>\n<form action=\"\/de\/wp-json\/wp\/v2\/pages\/13062#wpcf7-f13212-o1\" method=\"post\" class=\"wpcf7-form init\" aria-label=\"Kontaktformular\" enctype=\"multipart\/form-data\" novalidate=\"novalidate\" data-status=\"init\">\n<div style=\"display: none;\">\n<input type=\"hidden\" name=\"_wpcf7\" value=\"13212\" \/>\n<input type=\"hidden\" name=\"_wpcf7_version\" value=\"5.8.3\" \/>\n<input type=\"hidden\" name=\"_wpcf7_locale\" value=\"de_DE\" \/>\n<input type=\"hidden\" name=\"_wpcf7_unit_tag\" value=\"wpcf7-f13212-o1\" \/>\n<input type=\"hidden\" name=\"_wpcf7_container_post\" value=\"0\" \/>\n<input type=\"hidden\" name=\"_wpcf7_posted_data_hash\" value=\"\" \/>\n<input type=\"hidden\" name=\"_wpcf7_recaptcha_response\" value=\"\" \/>\n<\/div>\n<div class=\"row\">\n\t<div class=\"col-md-6\">\n\t\t<p><span class=\"wpcf7-form-control-wrap\" data-name=\"nome\"><input size=\"40\" class=\"wpcf7-form-control wpcf7-text wpcf7-validates-as-required\" aria-required=\"true\" aria-invalid=\"false\" placeholder=\"Name*\" value=\"\" type=\"text\" name=\"nome\" \/><\/span>\n\t\t<\/p>\n\t<\/div>\n\t<div class=\"col-md-6\">\n\t\t<p><span class=\"wpcf7-form-control-wrap\" data-name=\"cognome\"><input size=\"40\" class=\"wpcf7-form-control wpcf7-text wpcf7-validates-as-required\" aria-required=\"true\" aria-invalid=\"false\" placeholder=\"Nachname*\" value=\"\" type=\"text\" name=\"cognome\" \/><\/span>\n\t\t<\/p>\n\t<\/div>\n\t<div class=\"col-md-6\">\n\t\t<p><span class=\"wpcf7-form-control-wrap\" data-name=\"date-574\"><input class=\"wpcf7-form-control wpcf7-date wpcf7-validates-as-required wpcf7-validates-as-date\" aria-required=\"true\" aria-invalid=\"false\" placeholder=\"Geburtsdatum*\" value=\"\" type=\"date\" name=\"date-574\" \/><\/span>\n\t\t<\/p>\n\t<\/div>\n\t<div class=\"col-md-6\">\n\t\t<p><span class=\"wpcf7-form-control-wrap\" data-name=\"professione\"><input size=\"40\" class=\"wpcf7-form-control wpcf7-text wpcf7-validates-as-required\" aria-required=\"true\" aria-invalid=\"false\" placeholder=\"Beruf*\" value=\"\" type=\"text\" name=\"professione\" \/><\/span>\n\t\t<\/p>\n\t<\/div>\n\t<div class=\"col-md-6\">\n\t\t<p><span class=\"wpcf7-form-control-wrap\" data-name=\"Domicilio\"><input size=\"40\" class=\"wpcf7-form-control wpcf7-text wpcf7-validates-as-required\" aria-required=\"true\" aria-invalid=\"false\" placeholder=\"Wohnort*\" value=\"\" type=\"text\" name=\"Domicilio\" \/><\/span>\n\t\t<\/p>\n\t<\/div>\n\t<div class=\"col-md-6\">\n\t\t<p><span class=\"wpcf7-form-control-wrap\" data-name=\"mansione\"><select class=\"wpcf7-form-control wpcf7-select wpcf7-validates-as-required\" aria-required=\"true\" aria-invalid=\"false\" name=\"mansione\"><option value=\"Interessensbereich*\">Interessensbereich*<\/option><option value=\"Au\u00dfendienstmitarbeiter mit Deutsch- und Franz\u00f6sischkenntnissen\">Au\u00dfendienstmitarbeiter mit Deutsch- und Franz\u00f6sischkenntnissen<\/option><option value=\"MAG-Schwei\u00dfer\">MAG-Schwei\u00dfer<\/option><option value=\"Elektroinstallateure im Wohnbereich\">Elektroinstallateure im Wohnbereich<\/option><option value=\"Metallbaumonteure\">Metallbaumonteure<\/option><option value=\"3D-Konstrukteure\">3D-Konstrukteure<\/option><\/select><\/span>\n\t\t<\/p>\n\t<\/div>\n\t<div class=\"col-md-6\">\n\t\t<p><span class=\"wpcf7-form-control-wrap\" data-name=\"email-899\"><input size=\"40\" class=\"wpcf7-form-control wpcf7-email wpcf7-validates-as-required wpcf7-text wpcf7-validates-as-email\" aria-required=\"true\" aria-invalid=\"false\" placeholder=\"E-Mail-Adresse*\" value=\"\" type=\"email\" name=\"email-899\" \/><\/span>\n\t\t<\/p>\n\t<\/div>\n\t<div class=\"col-md-6\">\n\t\t<p><span class=\"wpcf7-form-control-wrap\" data-name=\"telefono\"><input size=\"40\" class=\"wpcf7-form-control wpcf7-tel wpcf7-validates-as-required wpcf7-text wpcf7-validates-as-tel\" aria-required=\"true\" aria-invalid=\"false\" placeholder=\"Telefonnummer*\" value=\"\" type=\"tel\" name=\"telefono\" \/><\/span>\n\t\t<\/p>\n\t<\/div>\n\t<div class=\"col-md-12\">\n\t\t<p><span class=\"wpcf7-form-control-wrap\" data-name=\"textarea-889\"><textarea cols=\"10\" rows=\"4\" class=\"wpcf7-form-control wpcf7-textarea wpcf7-validates-as-required\" aria-required=\"true\" aria-invalid=\"false\" placeholder=\"Schreibe hier deine Vorstellung*\" name=\"textarea-889\"><\/textarea><\/span>\n\t\t<\/p>\n\t<\/div>\n\t<div class=\"col-md-12\">\n\t\t<p>Lade deinen Lebenslauf im PDF- oder Word-Format hoch, um eine Initiativbewerbung an das Unternehmen zu senden<br \/>\n<span class=\"wpcf7-form-control-wrap\" data-name=\"file-940\"><input size=\"40\" class=\"wpcf7-form-control wpcf7-file wpcf7-validates-as-required\" accept=\".pdf,.doc,.odt\" aria-required=\"true\" aria-invalid=\"false\" type=\"file\" name=\"file-940\" \/><\/span>\n\t\t<\/p>\n\t<\/div>\n\t<div class=\"col-md-12\">\n\t\t<p><span class=\"wpcf7-form-control-wrap\" data-name=\"acceptance-891\"><span class=\"wpcf7-form-control wpcf7-acceptance\"><span class=\"wpcf7-list-item\"><label><input type=\"checkbox\" name=\"acceptance-891\" value=\"1\" aria-invalid=\"false\" \/><span class=\"wpcf7-list-item-label\">* Ich erkl\u00e4re, die Datenschutzerkl\u00e4rung gelesen zu haben. <a href=\"https:\/\/gbgroupcontainer.com\/privacy-policy\">Datenschutzrichtlinie<\/a> \u2013 <a href=\"https:\/\/gbgroupcontainer.com\/informativa-richiedenti-impiego\/\">Hinweise f\u00fcr Bewerber<\/a><\/span><\/label><\/span><\/span><\/span>\n\t\t<\/p>\n\t<\/div>\n\t<div class=\"col-md-12\">\n\t\t<p><input class=\"wpcf7-form-control wpcf7-submit has-spinner\" type=\"submit\" value=\"Bewerbung absenden\" \/>\n\t\t<\/p>\n\t<\/div>\n<\/div><input type='hidden' class='wpcf7-pum' value='{\"closepopup\":false,\"closedelay\":0,\"openpopup\":false,\"openpopup_id\":0}' \/><div class=\"wpcf7-response-output\" aria-hidden=\"true\"><\/div>\n<\/form>\n<\/div>\n\t<\/div>\n\n\t\t\t<\/div>\n\t\t\t\t<\/div>\n\t\t\t\t\t<\/div>\n\t\t<\/div>\n\t\t\t\t\t\t\t<\/div>\n\t\t<\/section>\n\t\t\t\t\t<\/div>\n\t\t<\/div>\n\t\t\t\t\t\t\t<\/div>\n\t\t<\/section>\n\t\t\t\t\t\t\t<\/div>\n\t\t","protected":false},"excerpt":{"rendered":"<p>Reichen Sie Ihren Lebenslauf ein Engagement f\u00fcr die Umwelt, Aufmerksamkeit f\u00fcr alle Kundenbed\u00fcrfnisse, spezialisierte Studien und technologische Innovation haben uns professionelle F\u00e4higkeiten und Fachkenntnisse gegeben, um modulare Geb\u00e4ude und erdbebensichere H\u00e4user auf die beste Art und Weise in Bezug auf Qualit\u00e4t, Sicherheit, \u00f6kologische Nachhaltigkeit, Zeit und Preis zu bauen oder zu renovieren. Wir glauben fest [&hellip;]<\/p>\n","protected":false},"author":1,"featured_media":0,"parent":0,"menu_order":0,"comment_status":"closed","ping_status":"closed","template":"","meta":{"footnotes":""},"class_list":["post-13062","page","type-page","status-publish","hentry"],"yoast_head":"<!-- This site is optimized with the Yoast SEO plugin v20.8 - https:\/\/yoast.com\/wordpress\/plugins\/seo\/ -->\n<title>Arbeiten Sie mit uns | GB Group Container<\/title>\n<meta name=\"robots\" content=\"index, follow, max-snippet:-1, max-image-preview:large, max-video-preview:-1\" \/>\n<link rel=\"canonical\" href=\"https:\/\/gbgroupcontainer.com\/de\/arbeiten-sie-mit-uns\/\" \/>\n<meta property=\"og:locale\" content=\"de_DE\" \/>\n<meta property=\"og:type\" content=\"article\" \/>\n<meta property=\"og:title\" content=\"Arbeiten Sie mit uns | GB Group Container\" \/>\n<meta property=\"og:description\" content=\"Reichen Sie Ihren Lebenslauf ein Engagement f\u00fcr die Umwelt, Aufmerksamkeit f\u00fcr alle Kundenbed\u00fcrfnisse, spezialisierte Studien und technologische Innovation haben uns professionelle F\u00e4higkeiten und Fachkenntnisse gegeben, um modulare Geb\u00e4ude und erdbebensichere H\u00e4user auf die beste Art und Weise in Bezug auf Qualit\u00e4t, Sicherheit, \u00f6kologische Nachhaltigkeit, Zeit und Preis zu bauen oder zu renovieren. Wir glauben fest [&hellip;]\" \/>\n<meta property=\"og:url\" content=\"https:\/\/gbgroupcontainer.com\/de\/arbeiten-sie-mit-uns\/\" \/>\n<meta property=\"og:site_name\" content=\"GB Group Container\" \/>\n<meta property=\"article:modified_time\" content=\"2025-04-16T10:03:03+00:00\" \/>\n<meta property=\"og:image\" content=\"https:\/\/gbgroupcontainer.com\/wp-content\/uploads\/2023\/05\/Imm-Cond-fb.jpg\" \/>\n\t<meta property=\"og:image:width\" content=\"1200\" \/>\n\t<meta property=\"og:image:height\" content=\"675\" \/>\n\t<meta property=\"og:image:type\" content=\"image\/jpeg\" \/>\n<meta name=\"twitter:card\" content=\"summary_large_image\" \/>\n<meta name=\"twitter:label1\" content=\"Gesch\u00e4tzte Lesezeit\" \/>\n\t<meta name=\"twitter:data1\" content=\"2\u00a0Minuten\" \/>\n<script type=\"application\/ld+json\" class=\"yoast-schema-graph\">{\"@context\":\"https:\/\/schema.org\",\"@graph\":[{\"@type\":\"WebPage\",\"@id\":\"https:\/\/gbgroupcontainer.com\/de\/arbeiten-sie-mit-uns\/\",\"url\":\"https:\/\/gbgroupcontainer.com\/de\/arbeiten-sie-mit-uns\/\",\"name\":\"Arbeiten Sie mit uns | GB Group Container\",\"isPartOf\":{\"@id\":\"https:\/\/gbgroupcontainer.com\/de\/#website\"},\"datePublished\":\"2023-03-24T08:00:35+00:00\",\"dateModified\":\"2025-04-16T10:03:03+00:00\",\"breadcrumb\":{\"@id\":\"https:\/\/gbgroupcontainer.com\/de\/arbeiten-sie-mit-uns\/#breadcrumb\"},\"inLanguage\":\"de\",\"potentialAction\":[{\"@type\":\"ReadAction\",\"target\":[\"https:\/\/gbgroupcontainer.com\/de\/arbeiten-sie-mit-uns\/\"]}]},{\"@type\":\"BreadcrumbList\",\"@id\":\"https:\/\/gbgroupcontainer.com\/de\/arbeiten-sie-mit-uns\/#breadcrumb\",\"itemListElement\":[{\"@type\":\"ListItem\",\"position\":1,\"name\":\"Home\",\"item\":\"https:\/\/gbgroupcontainer.com\/de\/\"},{\"@type\":\"ListItem\",\"position\":2,\"name\":\"Arbeiten Sie mit uns\"}]},{\"@type\":\"WebSite\",\"@id\":\"https:\/\/gbgroupcontainer.com\/de\/#website\",\"url\":\"https:\/\/gbgroupcontainer.com\/de\/\",\"name\":\"GB Group Container\",\"description\":\"Sistemi abitativi componibili\",\"publisher\":{\"@id\":\"https:\/\/gbgroupcontainer.com\/de\/#organization\"},\"potentialAction\":[{\"@type\":\"SearchAction\",\"target\":{\"@type\":\"EntryPoint\",\"urlTemplate\":\"https:\/\/gbgroupcontainer.com\/de\/?s={search_term_string}\"},\"query-input\":\"required name=search_term_string\"}],\"inLanguage\":\"de\"},{\"@type\":\"Organization\",\"@id\":\"https:\/\/gbgroupcontainer.com\/de\/#organization\",\"name\":\"GB Group Container\",\"url\":\"https:\/\/gbgroupcontainer.com\/de\/\",\"logo\":{\"@type\":\"ImageObject\",\"inLanguage\":\"de\",\"@id\":\"https:\/\/gbgroupcontainer.com\/de\/#\/schema\/logo\/image\/\",\"url\":\"https:\/\/gbgroupcontainer.com\/wp-content\/uploads\/2021\/05\/GB_Group-Logo.png\",\"contentUrl\":\"https:\/\/gbgroupcontainer.com\/wp-content\/uploads\/2021\/05\/GB_Group-Logo.png\",\"width\":467,\"height\":117,\"caption\":\"GB Group Container\"},\"image\":{\"@id\":\"https:\/\/gbgroupcontainer.com\/de\/#\/schema\/logo\/image\/\"}}]}<\/script>\n<!-- \/ Yoast SEO plugin. -->","yoast_head_json":{"title":"Arbeiten Sie mit uns | GB Group Container","robots":{"index":"index","follow":"follow","max-snippet":"max-snippet:-1","max-image-preview":"max-image-preview:large","max-video-preview":"max-video-preview:-1"},"canonical":"https:\/\/gbgroupcontainer.com\/de\/arbeiten-sie-mit-uns\/","og_locale":"de_DE","og_type":"article","og_title":"Arbeiten Sie mit uns | GB Group Container","og_description":"Reichen Sie Ihren Lebenslauf ein Engagement f\u00fcr die Umwelt, Aufmerksamkeit f\u00fcr alle Kundenbed\u00fcrfnisse, spezialisierte Studien und technologische Innovation haben uns professionelle F\u00e4higkeiten und Fachkenntnisse gegeben, um modulare Geb\u00e4ude und erdbebensichere H\u00e4user auf die beste Art und Weise in Bezug auf Qualit\u00e4t, Sicherheit, \u00f6kologische Nachhaltigkeit, Zeit und Preis zu bauen oder zu renovieren. Wir glauben fest [&hellip;]","og_url":"https:\/\/gbgroupcontainer.com\/de\/arbeiten-sie-mit-uns\/","og_site_name":"GB Group Container","article_modified_time":"2025-04-16T10:03:03+00:00","og_image":[{"width":1200,"height":675,"url":"https:\/\/gbgroupcontainer.com\/wp-content\/uploads\/2023\/05\/Imm-Cond-fb.jpg","type":"image\/jpeg"}],"twitter_card":"summary_large_image","twitter_misc":{"Gesch\u00e4tzte Lesezeit":"2\u00a0Minuten"},"schema":{"@context":"https:\/\/schema.org","@graph":[{"@type":"WebPage","@id":"https:\/\/gbgroupcontainer.com\/de\/arbeiten-sie-mit-uns\/","url":"https:\/\/gbgroupcontainer.com\/de\/arbeiten-sie-mit-uns\/","name":"Arbeiten Sie mit uns | GB Group Container","isPartOf":{"@id":"https:\/\/gbgroupcontainer.com\/de\/#website"},"datePublished":"2023-03-24T08:00:35+00:00","dateModified":"2025-04-16T10:03:03+00:00","breadcrumb":{"@id":"https:\/\/gbgroupcontainer.com\/de\/arbeiten-sie-mit-uns\/#breadcrumb"},"inLanguage":"de","potentialAction":[{"@type":"ReadAction","target":["https:\/\/gbgroupcontainer.com\/de\/arbeiten-sie-mit-uns\/"]}]},{"@type":"BreadcrumbList","@id":"https:\/\/gbgroupcontainer.com\/de\/arbeiten-sie-mit-uns\/#breadcrumb","itemListElement":[{"@type":"ListItem","position":1,"name":"Home","item":"https:\/\/gbgroupcontainer.com\/de\/"},{"@type":"ListItem","position":2,"name":"Arbeiten Sie mit uns"}]},{"@type":"WebSite","@id":"https:\/\/gbgroupcontainer.com\/de\/#website","url":"https:\/\/gbgroupcontainer.com\/de\/","name":"GB Group Container","description":"Sistemi abitativi componibili","publisher":{"@id":"https:\/\/gbgroupcontainer.com\/de\/#organization"},"potentialAction":[{"@type":"SearchAction","target":{"@type":"EntryPoint","urlTemplate":"https:\/\/gbgroupcontainer.com\/de\/?s={search_term_string}"},"query-input":"required name=search_term_string"}],"inLanguage":"de"},{"@type":"Organization","@id":"https:\/\/gbgroupcontainer.com\/de\/#organization","name":"GB Group Container","url":"https:\/\/gbgroupcontainer.com\/de\/","logo":{"@type":"ImageObject","inLanguage":"de","@id":"https:\/\/gbgroupcontainer.com\/de\/#\/schema\/logo\/image\/","url":"https:\/\/gbgroupcontainer.com\/wp-content\/uploads\/2021\/05\/GB_Group-Logo.png","contentUrl":"https:\/\/gbgroupcontainer.com\/wp-content\/uploads\/2021\/05\/GB_Group-Logo.png","width":467,"height":117,"caption":"GB Group Container"},"image":{"@id":"https:\/\/gbgroupcontainer.com\/de\/#\/schema\/logo\/image\/"}}]}},"_links":{"self":[{"href":"https:\/\/gbgroupcontainer.com\/de\/wp-json\/wp\/v2\/pages\/13062","targetHints":{"allow":["GET"]}}],"collection":[{"href":"https:\/\/gbgroupcontainer.com\/de\/wp-json\/wp\/v2\/pages"}],"about":[{"href":"https:\/\/gbgroupcontainer.com\/de\/wp-json\/wp\/v2\/types\/page"}],"author":[{"embeddable":true,"href":"https:\/\/gbgroupcontainer.com\/de\/wp-json\/wp\/v2\/users\/1"}],"replies":[{"embeddable":true,"href":"https:\/\/gbgroupcontainer.com\/de\/wp-json\/wp\/v2\/comments?post=13062"}],"version-history":[{"count":4,"href":"https:\/\/gbgroupcontainer.com\/de\/wp-json\/wp\/v2\/pages\/13062\/revisions"}],"predecessor-version":[{"id":14188,"href":"https:\/\/gbgroupcontainer.com\/de\/wp-json\/wp\/v2\/pages\/13062\/revisions\/14188"}],"wp:attachment":[{"href":"https:\/\/gbgroupcontainer.com\/de\/wp-json\/wp\/v2\/media?parent=13062"}],"curies":[{"name":"wp","href":"https:\/\/api.w.org\/{rel}","templated":true}]}}